{"id":2773,"date":"2025-02-11T10:54:25","date_gmt":"2025-02-11T09:54:25","guid":{"rendered":"https:\/\/kantine.vai.no\/varodd\/?page_id=2773"},"modified":"2025-02-11T11:26:34","modified_gmt":"2025-02-11T10:26:34","slug":"informasjonskapsler","status":"publish","type":"page","link":"https:\/\/kantine.vai.no\/varodd\/informasjonskapsler\/","title":{"rendered":"Informasjonskapsler (cookies)"},"content":{"rendered":"\n<h1 class=\"wp-block-heading\">Informasjon om informasjonskapsler (cookies) p\u00e5 denne nettsiden<\/h1>\n\n\n\n<p>Dette nettstedet bruker informasjonskapsler (cookies) for \u00e5 forbedre din brukeropplevelse. Nedenfor forklarer vi hvordan siden benytter cookies og hvordan du kan administrere dem.<\/p>\n\n\n\n<h2 class=\"wp-block-heading\">Hva er cookies?<\/h2>\n\n\n\n<p>Cookies er sm\u00e5 tekstfiler som lagres p\u00e5 din enhet n\u00e5r du bes\u00f8ker en nettside. De hjelper nettsiden med \u00e5 huske dine innstillinger, p\u00e5loggingsdetaljer og annen informasjon for \u00e5 gi deg en bedre opplevelse.<\/p>\n\n\n\n<h2 class=\"wp-block-heading\">Hvordan nettsiden bruker cookies<\/h2>\n\n\n\n<p>Nettsiden benytter ulike typer cookies, inkludert:<\/p>\n\n\n\n<h3 class=\"wp-block-heading\">1. N\u00f8dvendige cookies<\/h3>\n\n\n\n<p>Disse er essensielle for at nettstedet skal fungere korrekt, og inkluderer:<\/p>\n\n\n\n<ul class=\"wp-block-list\">\n<li><strong>P\u00e5loggingscookies<\/strong>: N\u00e5r du logger inn, lagrer nettstedet en cookie for \u00e5 holde deg innlogget.<\/li>\n\n\n\n<li><strong>Brukerkontoinnstillinger<\/strong>: Hvis du velger &laquo;Husk meg&raquo; ved innlogging, lagres en cookie som husker dine innloggingsdetaljer.<\/li>\n\n\n\n<li><strong>Sikkerhetscookies<\/strong>: Nettstedet bruker cookies for \u00e5 beskytte nettstedet mot uautorisert tilgang.<\/li>\n<\/ul>\n\n\n\n<h3 class=\"wp-block-heading\">2. Funksjonelle cookies<\/h3>\n\n\n\n<p>Disse forbedrer brukeropplevelsen og kan inkludere:<\/p>\n\n\n\n<ul class=\"wp-block-list\">\n<li><strong>Kommentarcookies<\/strong>: Hvis du legger igjen en kommentar (hvis denne funksjonen er tilgjengelig), lagrer nettstedet ditt navn, e-post og nettside i en cookie slik at du ikke trenger \u00e5 fylle det ut igjen neste gang.<\/li>\n<\/ul>\n\n\n\n<h2 class=\"wp-block-heading\">Administrasjon av cookies<\/h2>\n\n\n\n<p>Du kan administrere eller slette cookies via nettleserens innstillinger. Dette gj\u00f8r du vanligvis under &laquo;Personvern&raquo; eller &laquo;Innstillinger&raquo; i nettleseren din. Merk at deaktivering av cookies kan p\u00e5virke funksjonaliteten p\u00e5 nettstedet.<\/p>\n\n\n\n<p>For mer informasjon om hvordan vi h\u00e5ndterer personvern og data, se v\u00e5r <a href=\"https:\/\/kantine.vai.no\/varodd\/personvernerklaering\/\" data-type=\"page\" data-id=\"240\">personvernerkl\u00e6ring<\/a>.<\/p>\n","protected":false},"excerpt":{"rendered":"<p>Informasjon om informasjonskapsler (cookies) p\u00e5 denne nettsiden Dette nettstedet bruker informasjonskapsler (cookies) for \u00e5 forbedre din brukeropplevelse. Nedenfor forklarer vi hvordan siden benytter cookies og hvordan du kan administrere dem. Hva er cookies? Cookies er sm\u00e5 tekstfiler som lagres p\u00e5 din enhet n\u00e5r du bes\u00f8ker en nettside. De hjelper nettsiden med \u00e5 huske dine innstillinger, &hellip; <a href=\"https:\/\/kantine.vai.no\/varodd\/informasjonskapsler\/\">Continued<\/a><\/p>\n","protected":false},"author":1,"featured_media":0,"parent":0,"menu_order":0,"comment_status":"closed","ping_status":"closed","template":"","meta":{"_acf_changed":false,"inline_featured_image":false,"footnotes":""},"shop":[],"class_list":["post-2773","page","type-page","status-publish","hentry"],"acf":[],"_links":{"self":[{"href":"https:\/\/kantine.vai.no\/varodd\/wp-json\/wp\/v2\/pages\/2773","targetHints":{"allow":["GET"]}}],"collection":[{"href":"https:\/\/kantine.vai.no\/varodd\/wp-json\/wp\/v2\/pages"}],"about":[{"href":"https:\/\/kantine.vai.no\/varodd\/wp-json\/wp\/v2\/types\/page"}],"author":[{"embeddable":true,"href":"https:\/\/kantine.vai.no\/varodd\/wp-json\/wp\/v2\/users\/1"}],"replies":[{"embeddable":true,"href":"https:\/\/kantine.vai.no\/varodd\/wp-json\/wp\/v2\/comments?post=2773"}],"version-history":[{"count":5,"href":"https:\/\/kantine.vai.no\/varodd\/wp-json\/wp\/v2\/pages\/2773\/revisions"}],"predecessor-version":[{"id":2782,"href":"https:\/\/kantine.vai.no\/varodd\/wp-json\/wp\/v2\/pages\/2773\/revisions\/2782"}],"wp:attachment":[{"href":"https:\/\/kantine.vai.no\/varodd\/wp-json\/wp\/v2\/media?parent=2773"}],"wp:term":[{"taxonomy":"shop","embeddable":true,"href":"https:\/\/kantine.vai.no\/varodd\/wp-json\/wp\/v2\/shop?post=2773"}],"curies":[{"name":"wp","href":"https:\/\/api.w.org\/{rel}","templated":true}]}}