{"id":249,"date":"2024-12-03T18:30:27","date_gmt":"2024-12-03T17:30:27","guid":{"rendered":"https:\/\/kantine.vai.no\/varodd\/?page_id=249"},"modified":"2025-03-19T17:21:44","modified_gmt":"2025-03-19T16:21:44","slug":"sann-bestiller-du","status":"publish","type":"page","link":"https:\/\/kantine.vai.no\/varodd\/sann-bestiller-du\/","title":{"rendered":"S\u00e5nn bestiller du"},"content":{"rendered":"\n<h1 class=\"wp-block-heading\">Velkommen til kantina<\/h1>\n\n\n\n<h2 class=\"wp-block-heading\">Kom i gang<\/h2>\n\n\n\n<p>Alle som kj\u00f8per mat eller bestiller m\u00f8temat i kantina, m\u00e5 ha en <strong>bruker<\/strong>. Har du ikke allerede en bruker, kan du&nbsp;<a href=\"https:\/\/kantine.vai.no\/varodd\/registrer-bruker\/\">opprette konto her<\/a>.<\/p>\n\n\n\n<p>Har du en konto m\u00e5 du&nbsp;<a href=\"https:\/\/kantine.vai.no\/kristiansand-kommune\/logg-inn\/\"><\/a><a href=\"https:\/\/kantine.vai.no\/varodd\/logg-inn\/\" data-type=\"link\" data-id=\"https:\/\/kantine.vai.no\/varodd\/logg-inn\/\">logge deg inn<\/a>&nbsp;for \u00e5 kunne benytte deg av kantina, b\u00e5de for \u00e5 kj\u00f8pe mat og for \u00e5 bestille m\u00f8temat.<\/p>\n\n\n\n<h2 class=\"wp-block-heading\">S\u00e5nn bestiller du<\/h2>\n\n\n\n<h3 class=\"wp-block-heading\">Bestille mat i kantina<\/h3>\n\n\n\n<p>Logg deg inn, legg det du \u00f8nsker \u00e5 spise i handlekurven og betal ved utsjekk. Du f\u00e5r kvittering p\u00e5 det du har bestilt og betalt. Kvitteringen viser du til en medarbeider i kantina f\u00f8r du setter deg for \u00e5 spise.<\/p>\n\n\n\n<p>Inntil videre er det kun mulig \u00e5 betale med Vipps i kantina.<\/p>\n\n\n\n<h3 class=\"wp-block-heading\">Bestille m\u00f8temat<\/h3>\n\n\n\n<p>Logg deg inn og legg det du \u00f8nsker \u00e5 bestille i handlekurven. Hvis du krysset av for m\u00f8temat ved registrering, vil du ha to valg:&nbsp;<strong>kantine (1)&nbsp;<\/strong>og&nbsp;<strong>m\u00f8temat (2).<\/strong>&nbsp;Skal du handle lunsj i kantina velger du&nbsp;<strong>\u00abkantine\u00bb<\/strong>,&nbsp;og skal du bestille m\u00f8temat velger du&nbsp;<strong>\u00abm\u00f8temat\u00bb.<\/strong>&nbsp;Du vil oppleve at b\u00e5de pris og varesortimentet varierer, det er derfor viktig at du velger riktig ved bestilling.<\/p>\n\n\n\n<p>N\u00e5r du har lagt de varene du \u00f8nsker i handlekurven, vil du f\u00e5 to valg ved utsjekk. Du kan enten velge \u00e5 bestille levering, eller hente m\u00f8tematen selv i kantina. Ved levering vil det p\u00e5l\u00f8pe en kostnad p\u00e5 kr 50. Ved levering gjelder bestillingsfrist 24 timer f\u00f8r valgt leveringstid (gjelder virkedag). Ved levering etter fristen vil det p\u00e5l\u00f8pe et gebyr p\u00e5 150,-.<\/p>\n\n\n\n<p>\u00d8nsker du og f\u00e5 maten levert, velger du m\u00f8terom, dato og tidspunkt for leveringen.<br>Ved betaling kan du enten velge faktura eller betale med Vipps. Velger du faktura fyller du inn ansvarsnummer og avdeling.<\/p>\n","protected":false},"excerpt":{"rendered":"<p>Velkommen til kantina Kom i gang Alle som kj\u00f8per mat eller bestiller m\u00f8temat i kantina, m\u00e5 ha en bruker. Har du ikke allerede en bruker, kan du&nbsp;opprette konto her. Har du en konto m\u00e5 du&nbsp;logge deg inn&nbsp;for \u00e5 kunne benytte deg av kantina, b\u00e5de for \u00e5 kj\u00f8pe mat og for \u00e5 bestille m\u00f8temat. S\u00e5nn bestiller &hellip; <a href=\"https:\/\/kantine.vai.no\/varodd\/sann-bestiller-du\/\">Continued<\/a><\/p>\n","protected":false},"author":1,"featured_media":0,"parent":0,"menu_order":0,"comment_status":"closed","ping_status":"closed","template":"","meta":{"_acf_changed":false,"inline_featured_image":false,"footnotes":""},"shop":[],"class_list":["post-249","page","type-page","status-publish","hentry"],"acf":[],"_links":{"self":[{"href":"https:\/\/kantine.vai.no\/varodd\/wp-json\/wp\/v2\/pages\/249","targetHints":{"allow":["GET"]}}],"collection":[{"href":"https:\/\/kantine.vai.no\/varodd\/wp-json\/wp\/v2\/pages"}],"about":[{"href":"https:\/\/kantine.vai.no\/varodd\/wp-json\/wp\/v2\/types\/page"}],"author":[{"embeddable":true,"href":"https:\/\/kantine.vai.no\/varodd\/wp-json\/wp\/v2\/users\/1"}],"replies":[{"embeddable":true,"href":"https:\/\/kantine.vai.no\/varodd\/wp-json\/wp\/v2\/comments?post=249"}],"version-history":[{"count":2,"href":"https:\/\/kantine.vai.no\/varodd\/wp-json\/wp\/v2\/pages\/249\/revisions"}],"predecessor-version":[{"id":5189,"href":"https:\/\/kantine.vai.no\/varodd\/wp-json\/wp\/v2\/pages\/249\/revisions\/5189"}],"wp:attachment":[{"href":"https:\/\/kantine.vai.no\/varodd\/wp-json\/wp\/v2\/media?parent=249"}],"wp:term":[{"taxonomy":"shop","embeddable":true,"href":"https:\/\/kantine.vai.no\/varodd\/wp-json\/wp\/v2\/shop?post=249"}],"curies":[{"name":"wp","href":"https:\/\/api.w.org\/{rel}","templated":true}]}}