{"id":43,"date":"2024-04-10T13:04:03","date_gmt":"2024-04-10T13:04:03","guid":{"rendered":"http:\/\/kantine.vai.no\/kristiansand-kommune\/?page_id=3"},"modified":"2025-02-11T10:57:39","modified_gmt":"2025-02-11T09:57:39","slug":"personvernerklaering","status":"publish","type":"page","link":"https:\/\/kantine.vai.no\/kristiansand-kommune\/personvernerklaering\/","title":{"rendered":"Personvernerkl\u00e6ring"},"content":{"rendered":"\n<h2 class=\"wp-block-heading\">Hvem er vi<\/h2>\n\n\n\n<p>V\u00e5r nettstedsadresse er: http:\/\/kantine.vai.no.<\/p>\n\n\n\n<h2 class=\"wp-block-heading\">Kommentar<\/h2>\n\n\n\n<p>N\u00e5r bes\u00f8kende legger inn kommentarer&nbsp;i kommentarskjemaet&nbsp;p\u00e5&nbsp;nettsiden (dersom denne muligheten eksisterer), lagres&nbsp;denne&nbsp;informasjonen&nbsp;samt&nbsp;IP-adressen&nbsp;og nettleserversjonen&nbsp;til den bes\u00f8kende. Dette gj\u00f8res for \u00e5 unng\u00e5 useri\u00f8se kommentarer.<\/p>\n\n\n\n<p>En anonym tekststreng&nbsp;generert&nbsp;p\u00e5 grunnlag av e-postadressen din (ogs\u00e5 kalt en \u00abhash\u00bb) kan bli sendt til tjenesten Gravatar for \u00e5 unders\u00f8ke om du har en konto der. Personvernerkl\u00e6ringen til Gravatar ligger her:&nbsp;<em>https:\/\/automattic.com\/privacy<\/em>. Etter at kommentaren din er godkjent, vil profilbildet ditt v\u00e6re synlig for&nbsp;alle.<\/p>\n\n\n\n<h2 class=\"wp-block-heading\">Skjemaer<\/h2>\n\n\n\n<p>N\u00e5r bes\u00f8kende fyller ut skjemaer (kontaktskjema o.l.) p\u00e5&nbsp;nettsiden (dersom denne muligheten eksisterer), lagres denne informasjonen samt IP-adressen og nettleserversjonen til den bes\u00f8kende. Dette gj\u00f8res for \u00e5 unng\u00e5 useri\u00f8s&nbsp;utfylling&nbsp;av skjemaer.<\/p>\n\n\n\n<h2 class=\"wp-block-heading\">Media<\/h2>\n\n\n\n<p>Hvis du laster opp bilder til nettstedet (dersom denne muligheten eksisterer), b\u00f8r du unng\u00e5&nbsp;opplasting av&nbsp;bilder som inneholder informasjon om stedet&nbsp;de&nbsp;er tatt (Efix&nbsp;GPS).&nbsp;Bes\u00f8kende p\u00e5 siden kan laste ned og hente ut denne informasjonen.<\/p>\n\n\n\n<h2 class=\"wp-block-heading\">Informasjonskapsler<\/h2>\n\n\n\n<p>Hvis du legger inn en kommentar p\u00e5 dette nettstedet (dersom denne muligheten eksisterer), kan du be oss om \u00e5 huske navn, e-post og nettsted. Denne informasjonen lagres i en informasjonskapsel,&nbsp;slik at du ikke trenger \u00e5 oppgi denne informasjonen neste gang du registrerer deg. Informasjonskapselen&nbsp;utl\u00f8per etter ett \u00e5r.<\/p>\n\n\n\n<p>Dersom&nbsp;du bes\u00f8ker v\u00e5r innloggingsside, vil vi opprette en midlertidig informasjonskapsel for \u00e5 avgj\u00f8re om nettleseren din aksepterer informasjonskapsler. Denne informasjonskapselen inneholder ingen personopplysninger og forsvinner s\u00e5 snart du lukker nettleseren din.<\/p>\n\n\n\n<p>N\u00e5r du logger deg inn blir det opprettet informasjonskapsler som lagrer innloggingsinformasjonen din,&nbsp;og&nbsp;de&nbsp;valgene&nbsp;du har tatt n\u00e5r det gjelder hvordan innhold skal vises. Informasjonskapsler med innloggingsinformasjon utl\u00f8per etter to dager, mens de med visningsvalg varer i ett \u00e5r. Hvis du krysser av for&nbsp;\u00abhusk meg\u00bb&nbsp;vil innloggingsinformasjonen din oppbevares i to uker. Hvis du logger deg ut av kontoen din, vil disse informasjonskapslene forsvinne.<\/p>\n\n\n\n<p>Hvis du redigerer eller publiserer en artikkel, vil ytterligere en informasjonskapsel bli lagret i nettleseren din. Denne informasjonskapselen inneholder ingen personopplysninger,&nbsp;kun&nbsp;ID-en til artikkelen du nettopp redigerte. Den utl\u00f8per etter \u00e9n dag.<\/p>\n\n\n\n<h3 class=\"wp-block-heading\">Innebygd innhold fra andre nettsteder<\/h3>\n\n\n\n<p>Artikler p\u00e5 denne siden&nbsp;kan inkludere innebygd innhold som f.eks.&nbsp;videoer, bilder, artikler&nbsp;mv. Innebygd innhold fra andre nettsteder oppf\u00f8rer seg p\u00e5 n\u00f8yaktig samme m\u00e5te som om den bes\u00f8kende hadde bes\u00f8kt nettstedet som det innebygde innholdet kommer fra.<\/p>\n\n\n\n<p>Disse nettstedene kan samle inn opplysninger om deg, bruke informasjonskapsler, bygge inn sporingssystemer fra tredjeparter og overv\u00e5ke hva du gj\u00f8r via dette innebygde innholdet. Dette omfatter ogs\u00e5 sporing av handlingene dine via det innebygde innholdet dersom du har en konto og er logget inn p\u00e5 nettstedet.<\/p>\n\n\n\n<h3 class=\"wp-block-heading\">Hvem vi deler dine opplysninger med<\/h3>\n\n\n\n<p>Vi bruker noen&nbsp;tredjepartsl\u00f8sninger&nbsp;for \u00e5 loggf\u00f8re informasjon som vil&nbsp;brukes&nbsp;til statistikkform\u00e5l&nbsp;o.l. Dette gj\u00f8res ved bruk av informasjonskapsler. Du vil f\u00e5 egen informasjon om informasjonskapsler p\u00e5&nbsp;nettsiden n\u00e5r du bes\u00f8ker&nbsp;den.<\/p>\n\n\n\n<p>Utfylling av innsendte skjemaer (kontaktskjema o.l.) kan videresendes til ansvarlig part for videre behandling av henvendelsen.<\/p>\n\n\n\n<p>Hvis&nbsp;du ber&nbsp;om&nbsp;at passordet tilbakestilles (dersom denne muligheten eksisterer), vil din IP-adresse tas med i e-posten om tilbakestilling av passord.<\/p>\n\n\n\n<h3 class=\"wp-block-heading\">Hvor lenge vi oppbevarer opplysninger om deg<\/h3>\n\n\n\n<p>Hvis du legger igjen en kommentar (dersom denne muligheten eksisterer), blir kommentaren og informasjon om&nbsp;denne&nbsp;lagret p\u00e5 ubestemt tid. Dette&nbsp;gj\u00f8res&nbsp;for at vi kan gjenkjenne oppf\u00f8lgingskommentarer og godkjenne dem automatisk i stedet for \u00e5 legge dem i en k\u00f8 der de m\u00e5 godkjennes manuelt av en redakt\u00f8r.<\/p>\n\n\n\n<p>For brukere som registrerer seg p\u00e5 dette nettstedet (dersom denne muligheten eksisterer), lagres ogs\u00e5 personopplysninger som de oppgir i&nbsp;sin brukerprofil. Alle brukere kan se, redigere og slette sine egne personopplysninger n\u00e5r som helst (bortsett fra brukernavn). Nettstedets administratorer kan ogs\u00e5 se og redigere denne informasjonen.<\/p>\n\n\n\n<p>Utfyllinger av andre skjemaer lagres s\u00e5 lenge det er n\u00f8dvendig for \u00e5 kunne behandle henvendelsen. Hvis du starter&nbsp;\u00e5 abonnere&nbsp;p\u00e5&nbsp;et&nbsp;nyhetsbrev (dersom denne muligheten eksisterer), vil e-postadresse og annen n\u00f8dvendig informasjon lagres&nbsp;helt til&nbsp;du velger \u00e5 avslutte abonnementet.<\/p>\n\n\n\n<h3 class=\"wp-block-heading\">Rettighetene dine n\u00e5r det gjelder opplysninger om deg<\/h3>\n\n\n\n<p>Hvis du har en konto p\u00e5 dette nettstedet, har lagt igjen kommentarer eller fylt ut et skjema, kan du be om \u00e5 f\u00e5 en eksportfil som inneholder personopplysningene vi har om deg.&nbsp;Dette omfatter all data du har gitt oss. Du kan ogs\u00e5 be om at vi sletter alle personopplysninger vi har om deg. Dette omfatter ikke opplysninger vi er p\u00e5lagt \u00e5 lagre av administrative, juridiske eller sikkerhetsmessige \u00e5rsaker<\/p>\n\n\n\n<h3 class=\"wp-block-heading\">Hvor dine opplysninger sendes<\/h3>\n\n\n\n<p>Bes\u00f8kendes kommentarer og andre skjemautfyllinger kan bli kontrollert gjennom en automatisk gjenkjennelsestjeneste mot s\u00f8ppelkommentarer.<\/p>\n","protected":false},"excerpt":{"rendered":"<p>Hvem er vi V\u00e5r nettstedsadresse er: http:\/\/kantine.vai.no. Kommentar N\u00e5r bes\u00f8kende legger inn kommentarer&nbsp;i kommentarskjemaet&nbsp;p\u00e5&nbsp;nettsiden (dersom denne muligheten eksisterer), lagres&nbsp;denne&nbsp;informasjonen&nbsp;samt&nbsp;IP-adressen&nbsp;og nettleserversjonen&nbsp;til den bes\u00f8kende. Dette gj\u00f8res for \u00e5 unng\u00e5 useri\u00f8se kommentarer. En anonym tekststreng&nbsp;generert&nbsp;p\u00e5 grunnlag av e-postadressen din (ogs\u00e5 kalt en \u00abhash\u00bb) kan bli sendt til tjenesten Gravatar for \u00e5 unders\u00f8ke om du har en konto der. &hellip; <a href=\"https:\/\/kantine.vai.no\/kristiansand-kommune\/personvernerklaering\/\">Continued<\/a><\/p>\n","protected":false},"author":1,"featured_media":0,"parent":0,"menu_order":0,"comment_status":"closed","ping_status":"closed","template":"","meta":{"_acf_changed":false,"inline_featured_image":false,"footnotes":""},"shop":[],"class_list":["post-43","page","type-page","status-publish","hentry"],"acf":[],"_links":{"self":[{"href":"https:\/\/kantine.vai.no\/kristiansand-kommune\/wp-json\/wp\/v2\/pages\/43","targetHints":{"allow":["GET"]}}],"collection":[{"href":"https:\/\/kantine.vai.no\/kristiansand-kommune\/wp-json\/wp\/v2\/pages"}],"about":[{"href":"https:\/\/kantine.vai.no\/kristiansand-kommune\/wp-json\/wp\/v2\/types\/page"}],"author":[{"embeddable":true,"href":"https:\/\/kantine.vai.no\/kristiansand-kommune\/wp-json\/wp\/v2\/users\/1"}],"replies":[{"embeddable":true,"href":"https:\/\/kantine.vai.no\/kristiansand-kommune\/wp-json\/wp\/v2\/comments?post=43"}],"version-history":[{"count":1,"href":"https:\/\/kantine.vai.no\/kristiansand-kommune\/wp-json\/wp\/v2\/pages\/43\/revisions"}],"predecessor-version":[{"id":32744,"href":"https:\/\/kantine.vai.no\/kristiansand-kommune\/wp-json\/wp\/v2\/pages\/43\/revisions\/32744"}],"wp:attachment":[{"href":"https:\/\/kantine.vai.no\/kristiansand-kommune\/wp-json\/wp\/v2\/media?parent=43"}],"wp:term":[{"taxonomy":"shop","embeddable":true,"href":"https:\/\/kantine.vai.no\/kristiansand-kommune\/wp-json\/wp\/v2\/shop?post=43"}],"curies":[{"name":"wp","href":"https:\/\/api.w.org\/{rel}","templated":true}]}}