{"id":10728,"date":"2024-08-05T12:58:58","date_gmt":"2024-08-05T10:58:58","guid":{"rendered":"https:\/\/kantine.vai.no\/kristiansand-kommune\/?page_id=10728"},"modified":"2025-08-13T12:23:09","modified_gmt":"2025-08-13T10:23:09","slug":"reklamasjon","status":"publish","type":"page","link":"https:\/\/kantine.vai.no\/kristiansand-kommune\/reklamasjon\/","title":{"rendered":"Reklamasjon"},"content":{"rendered":"\n<h1 class=\"wp-block-heading\">Reklamasjon &amp; salgsbetingelser<\/h1>\n\n\n\n<h2 class=\"wp-block-heading\">Selger<\/h2>\n\n\n\n<p>Varodd Arbeid og Inkludering (VAI)<br>Kontakt oss p\u00e5: <a data-absconditus-a=\"grfhuqne.ravganx\" data-absconditus-b=\"inebqq.ab\" class=\"absconditus\" href=\"#\"><span data-absconditus-placeholder=\"v.r.k@unsdnootnaadetidaher\"><\/span><\/a><br>Org.nr: 919534893<\/p>\n\n\n\n<h2 class=\"wp-block-heading\">Kj\u00f8per<\/h2>\n\n\n\n<ul class=\"wp-block-list\">\n<li>Personen som er registrert som kj\u00f8per i bestillingen.&nbsp;<\/li>\n\n\n\n<li>Priser og merverdiavgift&nbsp;<\/li>\n\n\n\n<li>Alle priser p\u00e5 nettstedet er i Norske Kroner (NOK) og inklusive merverdiavgift.&nbsp;<\/li>\n<\/ul>\n\n\n\n<p><\/p>\n\n\n\n<h2 class=\"wp-block-heading\">Frakt<strong>&nbsp;<\/strong><\/h2>\n\n\n\n<p>Alle kj\u00f8p som hentes p\u00e5\/ved VAI sine utsalgssteder er uten frakt. For kj\u00f8p som skal leveres p\u00e5 oppgitt sted belastes med NOK 50.&nbsp;<\/p>\n\n\n\n<h2 class=\"wp-block-heading\">Betalingsvilk\u00e5r<strong>&nbsp;<\/strong><\/h2>\n\n\n\n<p>Du kan bruke VISA\/Mastercard, &nbsp;Vipps og faktura n\u00e5r du handler.&nbsp;<\/p>\n\n\n\n<p>Selger kan kreve betaling for varen fra det tidspunkt den blir sendt fra selger til kj\u00f8per.<\/p>\n\n\n\n<p>Dersom Kj\u00f8per bruker kredittkort eller debetkort ved betaling, kan Selger reservere kj\u00f8pesummen p\u00e5 kortet ved bestilling. Kortet blir belastet samme dag som varen sendes.<\/p>\n\n\n\n<h2 class=\"wp-block-heading\">Personopplysninger<strong>&nbsp;<\/strong><\/h2>\n\n\n\n<p>Selger behandler persondata if\u00f8lge lov om personopplysninger. Opplysninger som kan knyttes til deg som person vil aldri bli gjort tilgjengelig for andre virksomheter eller koblet med andre eksterne register. VAI sine utsalgssteder vil ikke selge eller videreformidle personopplysninger uten samtykke.&nbsp;<\/p>\n\n\n\n<h2 class=\"wp-block-heading\">Kortinformasjon<strong> <\/strong><\/h2>\n\n\n\n<p>All kortinformasjon blir oppbevart i henhold til kortselskapenes regelverk.&nbsp;<\/p>\n\n\n\n<h2 class=\"wp-block-heading\">Avbestilling<strong>&nbsp;<\/strong><\/h2>\n\n\n\n<p>Kostnadsfri avbestilling 48 timer f\u00f8r.<\/p>\n\n\n\n<h2 class=\"wp-block-heading\">Reklamasjon<strong>&nbsp;<\/strong><\/h2>\n\n\n\n<p>Dersom det foreligger en mangel ved varen, m\u00e5 du innen rimelig tid etter at du oppdaget den, gi selger skriftlig melding (e-post eller brev) om at du vil p\u00e5berope deg mangelen. Selger vil da gi deg informasjon om hva du skal gj\u00f8re videre. Reglene om reklamasjon finnes i Lov om forbrukerkj\u00f8p (Forbrukerkj\u00f8psloven).&nbsp;<\/p>\n\n\n\n<h2 class=\"wp-block-heading\">Angrerett&nbsp;<\/h2>\n\n\n\n<p>Kontakt VAI p\u00e5 e-post:&nbsp;<a class=\"absconditus\" data-absconditus-a=\"ravganx\" data-absconditus-b=\"inebqq.ab?Fhowrpg=Urairaqryfr%20sen%20inv.ab\" href=\"#\">kantine@varodd.no<\/a><strong> <\/strong>ved sp\u00f8rsm\u00e5l rundt angrerett.<\/p>\n\n\n\n<h2 class=\"wp-block-heading\">Uavhentede varer<strong>&nbsp;<\/strong><\/h2>\n\n\n\n<p>Varer som er bestilt, men ikke hentet blir belastet med bestilt bel\u00f8p.&nbsp;<\/p>\n\n\n\n<h2 class=\"wp-block-heading\">Konfliktl\u00f8sning<\/h2>\n\n\n\n<p>Klager rettes til selger innen rimelig tid, jf. punkt 9 og 10. Partene skal fors\u00f8ke \u00e5 l\u00f8se eventuelle tvister i minnelighet. Dersom dette ikke lykkes, kan kj\u00f8peren ta kontakt med Forbrukerr\u00e5det for mekling. Forbrukerr\u00e5det er tilgjengelig p\u00e5 telefon 23 400 500 eller www.forbrukerradet.no. VAI sine utsalgssteder vil f\u00f8lge Forbrukerklageutvalgets avgj\u00f8relser.&nbsp;<\/p>\n","protected":false},"excerpt":{"rendered":"<p>Reklamasjon &amp; salgsbetingelser Selger Varodd Arbeid og Inkludering (VAI)Kontakt oss p\u00e5: Org.nr: 919534893 Kj\u00f8per Frakt&nbsp; Alle kj\u00f8p som hentes p\u00e5\/ved VAI sine utsalgssteder er uten frakt. For kj\u00f8p som skal leveres p\u00e5 oppgitt sted belastes med NOK 50.&nbsp; Betalingsvilk\u00e5r&nbsp; Du kan bruke VISA\/Mastercard, &nbsp;Vipps og faktura n\u00e5r du handler.&nbsp; Selger kan kreve betaling for varen &hellip; <a href=\"https:\/\/kantine.vai.no\/kristiansand-kommune\/reklamasjon\/\">Continued<\/a><\/p>\n","protected":false},"author":1,"featured_media":0,"parent":0,"menu_order":0,"comment_status":"closed","ping_status":"closed","template":"","meta":{"_acf_changed":false,"inline_featured_image":false,"footnotes":""},"shop":[],"class_list":["post-10728","page","type-page","status-publish","hentry"],"acf":[],"_links":{"self":[{"href":"https:\/\/kantine.vai.no\/kristiansand-kommune\/wp-json\/wp\/v2\/pages\/10728","targetHints":{"allow":["GET"]}}],"collection":[{"href":"https:\/\/kantine.vai.no\/kristiansand-kommune\/wp-json\/wp\/v2\/pages"}],"about":[{"href":"https:\/\/kantine.vai.no\/kristiansand-kommune\/wp-json\/wp\/v2\/types\/page"}],"author":[{"embeddable":true,"href":"https:\/\/kantine.vai.no\/kristiansand-kommune\/wp-json\/wp\/v2\/users\/1"}],"replies":[{"embeddable":true,"href":"https:\/\/kantine.vai.no\/kristiansand-kommune\/wp-json\/wp\/v2\/comments?post=10728"}],"version-history":[{"count":4,"href":"https:\/\/kantine.vai.no\/kristiansand-kommune\/wp-json\/wp\/v2\/pages\/10728\/revisions"}],"predecessor-version":[{"id":50658,"href":"https:\/\/kantine.vai.no\/kristiansand-kommune\/wp-json\/wp\/v2\/pages\/10728\/revisions\/50658"}],"wp:attachment":[{"href":"https:\/\/kantine.vai.no\/kristiansand-kommune\/wp-json\/wp\/v2\/media?parent=10728"}],"wp:term":[{"taxonomy":"shop","embeddable":true,"href":"https:\/\/kantine.vai.no\/kristiansand-kommune\/wp-json\/wp\/v2\/shop?post=10728"}],"curies":[{"name":"wp","href":"https:\/\/api.w.org\/{rel}","templated":true}]}}